{"id":10109,"date":"2022-09-28T14:06:03","date_gmt":"2022-09-28T17:06:03","guid":{"rendered":"https:\/\/jobstore.cl\/?post_type=product&#038;p=10109"},"modified":"2025-07-08T13:13:39","modified_gmt":"2025-07-08T16:13:39","slug":"conductor-oseo-duramobi-mini-parlante","status":"publish","type":"product","link":"https:\/\/jobstore.cl\/index.php\/product\/conductor-oseo-duramobi-mini-parlante\/","title":{"rendered":"Parlante Conductor Oseo Duramobi"},"content":{"rendered":"<p>Disfruta de una experiencia \u00fanica y alucinante con estos conductores \u00f3seos. Con\u00e9ctalos por Bluetooth desde tu m\u00f3vil y conoce esta nueva experiencia.<\/p>\n<p>Al ser un conductor \u00f3seo, permite que el sonido se amplifique sobre las superficies en que los dejes.<\/p>\n","protected":false},"excerpt":{"rendered":"<h6 data-spm-anchor-id=\"a2g0o.detail.1000023.i0.3919778e4Aa6d1\">Caracter\u00edsticas:<\/h6>\n<ul>\n<li>Conexi\u00f3n\u00a0 v\u00eda Bluetooth<\/li>\n<li>Te permite escuchar m\u00fasica, tener conversaciones telef\u00f3nicas individuales o llamadas de conferencia. Puedes, ademas, disfrutar de manera diferente con el sonido de tus juegos, v\u00eddeos o pel\u00edculas reproducidos a trav\u00e9s de tu dispositivo.<\/li>\n<li data-spm-anchor-id=\"a2g0o.detail.1000023.i1.3919778e4Aa6d1\">Parlante peque\u00f1o pero potente. Ofrece un gran volumen de sonido, siendo de 4 a 5 veces m\u00e1s alto que el volumen promedio de los altavoces de tel\u00e9fono m\u00f3vil.<\/li>\n<li data-spm-anchor-id=\"a2g0o.detail.1000023.i1.3919778e4Aa6d1\">Al contar con cable USBC, permite una carga mas r\u00e1pida, para que puedas seguir disfrutando de una gran experiencia.<\/li>\n<\/ul>\n<h6 data-spm-anchor-id=\"a2g0o.detail.1000023.i2.3919778e4Aa6d1\">Descripci\u00f3n:<\/h6>\n<ul>\n<li>Col\u00f3calo encima de diferentes superficies (mesa, refrigerador, velador, ventana, autom\u00f3vil)<\/li>\n<li>Proporciona diferentes efectos de sonido.<\/li>\n<\/ul>\n<h6>Especificaciones:<\/h6>\n<ul>\n<li>Material: Metal<\/li>\n<li>Cruce de Audio: bidireccional<\/li>\n<li>Micr\u00f3fono integrado: No<\/li>\n<li>Canales: 2 (2,0)<\/li>\n<li>Potencia de salida: 3W<\/li>\n<\/ul>\n","protected":false},"featured_media":10110,"comment_status":"open","ping_status":"closed","template":"","meta":{"_joinchat":[]},"product_cat":[192],"product_tag":[],"class_list":{"0":"post-10109","1":"product","2":"type-product","3":"status-publish","4":"has-post-thumbnail","6":"product_cat-accesorios","8":"first","9":"instock","10":"sale","11":"shipping-taxable","12":"purchasable","13":"product-type-simple"},"_links":{"self":[{"href":"https:\/\/jobstore.cl\/index.php\/wp-json\/wp\/v2\/product\/10109","targetHints":{"allow":["GET"]}}],"collection":[{"href":"https:\/\/jobstore.cl\/index.php\/wp-json\/wp\/v2\/product"}],"about":[{"href":"https:\/\/jobstore.cl\/index.php\/wp-json\/wp\/v2\/types\/product"}],"replies":[{"embeddable":true,"href":"https:\/\/jobstore.cl\/index.php\/wp-json\/wp\/v2\/comments?post=10109"}],"version-history":[{"count":3,"href":"https:\/\/jobstore.cl\/index.php\/wp-json\/wp\/v2\/product\/10109\/revisions"}],"predecessor-version":[{"id":13264,"href":"https:\/\/jobstore.cl\/index.php\/wp-json\/wp\/v2\/product\/10109\/revisions\/13264"}],"wp:featuredmedia":[{"embeddable":true,"href":"https:\/\/jobstore.cl\/index.php\/wp-json\/wp\/v2\/media\/10110"}],"wp:attachment":[{"href":"https:\/\/jobstore.cl\/index.php\/wp-json\/wp\/v2\/media?parent=10109"}],"wp:term":[{"taxonomy":"product_cat","embeddable":true,"href":"https:\/\/jobstore.cl\/index.php\/wp-json\/wp\/v2\/product_cat?post=10109"},{"taxonomy":"product_tag","embeddable":true,"href":"https:\/\/jobstore.cl\/index.php\/wp-json\/wp\/v2\/product_tag?post=10109"}],"curies":[{"name":"wp","href":"https:\/\/api.w.org\/{rel}","templated":true}]}}